{"id":6,"date":"2015-11-02T12:28:08","date_gmt":"2015-11-02T11:28:08","guid":{"rendered":"http:\/\/www.appartamentitonale.it\/en\/?page_id=6"},"modified":"2015-11-02T12:28:08","modified_gmt":"2015-11-02T11:28:08","slug":"privacy","status":"publish","type":"page","link":"https:\/\/www.appartamentitonale.it\/en\/privacy\/","title":{"rendered":"Privacy"},"content":{"rendered":"<p style=\"text-align: justify;\">L\u2019accesso al sito \u00e8 completamente gratuito ma comporta l\u2019accettazione della seguente informativa. Siete pregati di leggerla attentamente poich\u00e9\u00a0<strong>il solo fatto di proseguire nell\u2019utilizzo o consultazione del sito costituisce completa accettazione dell\u2019informativa privacy<\/strong>\u00a0stessa da parte di ogni visitatore o utente.<\/p>\n<h3 style=\"text-align: justify;\"><strong>Informativa privacy<\/strong><\/h3>\n<p style=\"text-align: justify;\">In ottemperanza al D. Lgs 30 giugno 2003 n. 196 (Codice in materia di protezione dei dati personali) e successive modifiche, il presente sito rispetta e tutela la riservatezza dei visitatori e degli utenti.<\/p>\n<h4 style=\"text-align: justify;\"><strong>Utilizzo del sito<\/strong><\/h4>\n<p style=\"text-align: justify;\">Gli applicativi dedicati al funzionamento di questo sito potrebbero rilevare, nel corso del loro normale funzionamento, alcuni\u00a0<strong>dati<\/strong>\u00a0forniti dagli utenti per l\u2019utilizzo dei servizi offerti dal sito:<\/p>\n<p style=\"text-align: justify;\">&#8211; nome e cognome, mail od altri dati riguardanti le generalit\u00e0 dell\u2019utente;<\/p>\n<p style=\"text-align: justify;\">&#8211; indirizzo mail;<\/p>\n<p style=\"text-align: justify;\">&#8211; indirizzo ip (internet protocol);<\/p>\n<p style=\"text-align: justify;\">&#8211; nomi di dominio;<\/p>\n<p style=\"text-align: justify;\">&#8211; browser e parametri del sistema informatico utilizzato per connettersi al sito;<\/p>\n<p style=\"text-align: justify;\">&#8211; dati di navigazione, compreso orario della richiesta e risposta ottenuta dal server.<\/p>\n<p style=\"text-align: justify;\"><strong>Tali dati vengono forniti volontariamente dall\u2019utente al momento della richiesta di erogazione del servizio<\/strong>, per cui l\u2019utente si assume la responsabilit\u00e0 del conferimento accettandolo consapevolmente, nonch\u00e9 dichiara con esso di avere il permesso per il conferimento di dati di terzi eventualmente allegati. I dati ricevuti verranno utilizzati esclusivamente per l\u2019erogazione del servizio richiesto e per il solo tempo necessario per la fornitura del servizio. Il mancato trattamento di alcuni dati potrebbe rendere impossibile la prestazione dei servizi da parte del sito.<\/p>\n<p style=\"text-align: justify;\">Ulteriori dati (la cui trasmissione \u00e8 implicita nell\u2019uso dei protocolli di comunicazione di Internet) vengono registrati automaticamente per il corretto funzionamento del sito e a fini di valutazioni statistiche assolutamente anonime, oppure per fini di sicurezza del sito medesimo. Solo in quest\u2019ultimo caso i dati registrati automaticamente possono comprendere anche dati personali come l\u2019indirizzo Ip, che potrebbe essere utilizzato, conformemente alle leggi vigenti in materia, al fine di bloccare tentativi di danneggiamento al sito medesimo, o comunque attivit\u00e0 dannose, nonch\u00e9 attivit\u00e0 costituenti reato.<\/p>\n<p style=\"text-align: justify;\">Il sito tratta i dati degli utenti in maniera lecita e corretta, adottando le opportune\u00a0<strong>misure di sicurezza<\/strong>\u00a0volte ad impedire accessi non autorizzati, divulgazione, modifica o distruzione non autorizzate dei dati. Il trattamento viene effettuato mediante strumenti informatici e\/o telematici, con modalit\u00e0 organizzative e con logiche strettamente correlate alle finalit\u00e0 indicate. Oltre al titolare, in alcuni casi, potrebbero avere accesso ai dati categorie di incaricati coinvolti nell\u2019organizzazione del sito (personale amministrativo, commerciale, marketing, legali, amministratori di sistema) ovvero soggetti esterni (come fornitori di servizi tecnici terzi, corrieri postali, hosting provider, societ\u00e0 informatiche, agenzie di comunicazione).<\/p>\n<p style=\"text-align: justify;\">I dati raccolti dal sito sono trattati presso la sede del Titolare del Trattamento. L\u2019eventuale trattamento dei dati al di fuori dei paesi membri dell\u2019Unione Europea potrebbe richiedere il consenso da parte dell\u2019utente.<\/p>\n<h4 style=\"text-align: justify;\"><strong>Articoli e commenti<\/strong><\/h4>\n<p style=\"text-align: justify;\">Le informazioni che gli utenti del sito riterranno di rendere pubbliche tramite i servizi e gli strumenti messi a disposizione degli stessi, saranno fornite dall\u2019utente consapevolmente e volontariamente, sollevando l\u2019amministratore del sito da qualsiasi responsabilit\u00e0 in merito ad eventuali violazioni della succitata normativa, specialmente in relazione ai dati di terze persone. Spetta all\u2019utente verificare di avere i permessi per l\u2019immissione di dati personali di terzi o di contenuti protetti dal diritto d\u2019autore.<\/p>\n<p style=\"text-align: justify;\">In caso di inserimento di un commento il sito rileva automaticamente e registra dati identificativi del computer dal quale il commento viene inviato, compreso l\u2019indirizzo mail. Tali dati non saranno forniti mai a terzi, per nessuna ragione, a meno che non si tratti di legittima richiesta da parte dell\u2019autorit\u00e0 giudiziaria, nei casi previsti dalla legge.<\/p>\n<p style=\"text-align: justify;\">Inserendo un articolo od un commento l\u2019utente accetta espressamente le condizioni di utilizzo del presente sito, nonch\u00e9 l\u2019informativa privacy, e in particolare accetta che i contenuti inseriti siano liberamente diffusi anche da terzi.<\/p>\n<h4 style=\"text-align: justify;\"><strong>Cookie<\/strong><\/h4>\n<p style=\"text-align: justify;\">Questo sito utilizza i\u00a0<a title=\"Cookie\" href=\"http:\/\/it.wikipedia.org\/wiki\/Cookie\" target=\"_blank\">cookie<\/a>, file di testo che vengono depositati sul computer dell\u2019utente per migliorare funzionalit\u00e0 del sito, per semplificarne la navigazione automatizzando alcune procedure (come il Login) e per analizzare l\u2019uso del sito.\u00a0Utilizzando il sito l\u2019utente acconsente espressamente all\u2019uso dei cookie, comunque \u00e8 sempre possibile rifiutare il consenso disattivando l\u2019uso dei cookies nel browser (<a title=\"Firefox - Attivare e disattivare i cookie\" href=\"http:\/\/support.mozilla.org\/it\/kb\/Attivare%20e%20disattivare%20i%20cookie\" target=\"_blank\">Firefox<\/a>,\u00a0<a title=\"Internet Explorer - Attivare e disattivare i cookie\" href=\"http:\/\/windows.microsoft.com\/it-IT\/windows7\/Block-enable-or-allow-cookies\" target=\"_blank\">Internet Explorer<\/a>,\u00a0<a title=\"Chrome - Attivare e disattivare i cookie\" href=\"http:\/\/support.google.com\/chrome\/bin\/answer.py?hl=it&amp;answer=95647\" target=\"_blank\">Chrome<\/a>).<\/p>\n<p style=\"text-align: justify;\">I\u00a0<strong>cookie di sessione<\/strong>\u00a0sono generalmente essenziali per poter distinguere tra gli utenti collegati, e sono utili per evitare che una funzionalit\u00e0 richiesta possa essere fornita all\u2019utente sbagliato, nonch\u00e9 per fini di sicurezza per impedire attacchi informatici al sito. I cookie di sessione non contengono dati personali e durano per la sola sessione in corso, cio\u00e8 fino alla chiusura del browser.<br \/>\nAltri cookie (<strong>functionality cookie<\/strong>) utilizzati dal sito sono strettamente necessari per l\u2019uso del sito, in particolare sono collegati ad una espressa richiesta di funzionalit\u00e0 da parte dell\u2019utente (come il Login), per i quali non occorre alcun consenso.<\/p>\n<p style=\"text-align: justify;\">Tramite il presente sito sono messi a disposizione degli utenti alcuni servizi forniti da terzi, ad esempio il collegamento a servizi di social network. In particolare il sito presenta social plugin per\u00a0<a title=\"Facebook - Informativa privacy\" href=\"https:\/\/www.facebook.com\/about\/privacy\/\" target=\"_blank\">Facebook<\/a>, per\u00a0<a title=\"Twitter - Informativa privacy\" href=\"https:\/\/twitter.com\/privacy\" target=\"_blank\">Twitter<\/a>, per\u00a0<a title=\"LinkedIn - Informativa privacy\" href=\"http:\/\/www.linkedin.com\/static?key=privacy_policy&amp;trk=hb_ft_priv\" target=\"_blank\">LinkedIn<\/a>\u00a0e per\u00a0<a title=\"Google+ - Informativa privacy\" href=\"http:\/\/www.google.com\/intl\/it\/policies\/privacy\/\" target=\"_blank\">Google+<\/a>. Tali plugin non impostano un cookie, ma se esso \u00e8 gi\u00e0 presente sul computer del visitatore sono in grado di leggerlo ed utilizzarlo secondo le sue impostazioni. La raccolta e l\u2019uso delle informazioni da parte di tali terzi sono regolati dalle rispettive informative privacy alle quali si prega di fare riferimento.<\/p>\n<h4 style=\"text-align: justify;\"><strong>Google Analytics<\/strong><\/h4>\n<p style=\"text-align: justify;\">Il presente sito fornisce inoltre parte dei dati raccolti a\u00a0<strong>Google Analytics<\/strong>. Google Analytics utilizza dei &#8220;cookies&#8221;, che sono file di testo che vengono depositati sul Vostro computer per consentire al sito web di analizzare come gli utenti utilizzano il sito. Le informazioni generate dal cookie sull&#8217;utilizzo del sito web da parte Vostra (compreso il Vostro indirizzo IP) verranno trasmesse a, e depositate presso i server di Google negli Stati Uniti. Google utilizzer\u00e0 queste informazioni allo scopo di tracciare e esaminare il Vostro utilizzo del sito web, compilare report sulle attivit\u00e0 del sito web per gli operatori del sito web e fornire altri servizi relativi alle attivit\u00e0 del sito web e all&#8217;utilizzo di Internet. Google pu\u00f2 anche trasferire queste informazioni a terzi ove ci\u00f2 sia imposto dalla legge o laddove tali terzi trattino le suddette informazioni per conto di Google. Google non assocer\u00e0 il vostro indirizzo IP a nessun altro dato posseduto da Google. Potete rifiutarvi di usare i cookies selezionando l&#8217;impostazione appropriata sul vostro browser, ma ci\u00f2 potrebbe impedirvi di utilizzare tutte le funzionalit\u00e0 di questo sito web. Utilizzando il presente sito web, voi acconsentite al trattamento dei Vostri dati da parte di Google per le modalit\u00e0 e i fini sopraindicati. Per ulteriori informazioni sull\u2019uso dei dati e sul loro trattamento da parte di Google si raccomanda di prendere visione delle informazioni al seguente indirizzo internet:\u00a0<a title=\"Google Analytics - Informativa privacy\" href=\"http:\/\/www.google.com\/intl\/it\/policies\/privacy\/\" target=\"_blank\">http:\/\/www.google.com\/intl\/it\/policies\/privacy\/<\/a>.<\/p>\n<h4 style=\"text-align: justify;\"><strong>Diritti dell\u2019utente<\/strong><\/h4>\n<p style=\"text-align: justify;\">I soggetti cui si riferiscono i dati hanno il diritto in qualunque momento di ottenere la conferma dell\u2019esistenza o meno degli stessi presso il Titolare del Trattamento, di conoscerne il contenuto e l\u2019origine, di verificarne l\u2019esattezza o chiederne l\u2019integrazione, la cancellazione, l\u2019aggiornamento, la rettifica, la trasformazione in forma anonima o il blocco dei dati trattati in violazione di legge, nonch\u00e9 di opporsi in ogni caso, per motivi legittimi, al loro trattamento e comunque hanno tutti i diritti precisati nell\u2019art. 7 del\u00a0<a title=\"Codice in materia di protezione dei dati personali\" href=\"http:\/\/www.garanteprivacy.it\/web\/guest\/home\/docweb\/-\/docweb-display\/docweb\/1311248\" target=\"_blank\">Codice Privacy<\/a>.\u00a0Le richieste vanno rivolte al Titolare attraverso il form nella pagina dei\u00a0<a title=\"Contatti\" href=\"http:\/\/www.appartamentitonale.it\/contatti\/\">contatti<\/a>.<\/p>\n<p style=\"text-align: justify;\"><strong>Titolare<\/strong>\u00a0e\u00a0<strong>responsabile del trattamento<\/strong>\u00a0ai sensi delle leggi vigenti \u00e8 l\u2019amministratore del sito, Aldo Bianchini.<\/p>\n","protected":false},"excerpt":{"rendered":"<p>L\u2019accesso al sito \u00e8 completamente gratuito ma comporta l\u2019accettazione della seguente informativa. Siete pregati di leggerla attentamente poich\u00e9\u00a0il solo fatto di proseguire nell\u2019utilizzo o consultazione del sito costituisce completa accettazione dell\u2019informativa privacy\u00a0stessa da parte di ogni visitatore o utente. Informativa privacy In ottemperanza al D. Lgs 30 giugno 2003 n.\u2026<\/p>\n<p> <a class=\"continue-reading-link\" href=\"https:\/\/www.appartamentitonale.it\/en\/privacy\/\"><span>Continua<\/span><i class=\"crycon-right-dir\"><\/i><\/a> <\/p>\n","protected":false},"author":1,"featured_media":0,"parent":0,"menu_order":0,"comment_status":"closed","ping_status":"closed","template":"","meta":{"_monsterinsights_skip_tracking":false,"_monsterinsights_sitenote_active":false,"_monsterinsights_sitenote_note":"","_monsterinsights_sitenote_category":0,"footnotes":""},"class_list":["post-6","page","type-page","status-publish","hentry"],"yoast_head":"<!-- This site is optimized with the Yoast SEO plugin v26.9 - https:\/\/yoast.com\/product\/yoast-seo-wordpress\/ -->\n<title>Privacy - AppartamentiTonale.it<\/title>\n<meta name=\"robots\" content=\"noindex, nofollow\" \/>\n<meta property=\"og:locale\" content=\"en_US\" \/>\n<meta property=\"og:type\" content=\"article\" \/>\n<meta property=\"og:title\" content=\"Privacy - AppartamentiTonale.it\" \/>\n<meta property=\"og:description\" content=\"L\u2019accesso al sito \u00e8 completamente gratuito ma comporta l\u2019accettazione della seguente informativa. Siete pregati di leggerla attentamente poich\u00e9\u00a0il solo fatto di proseguire nell\u2019utilizzo o consultazione del sito costituisce completa accettazione dell\u2019informativa privacy\u00a0stessa da parte di ogni visitatore o utente. Informativa privacy In ottemperanza al D. Lgs 30 giugno 2003 n.\u2026 Continua\" \/>\n<meta property=\"og:url\" content=\"https:\/\/www.appartamentitonale.it\/en\/privacy\/\" \/>\n<meta property=\"og:site_name\" content=\"AppartamentiTonale.it\" \/>\n<meta property=\"article:publisher\" content=\"https:\/\/www.facebook.com\/AppartamentoTonale\/\" \/>\n<meta name=\"twitter:card\" content=\"summary_large_image\" \/>\n<meta name=\"twitter:label1\" content=\"Est. reading time\" \/>\n\t<meta name=\"twitter:data1\" content=\"6 minutes\" \/>\n<script type=\"application\/ld+json\" class=\"yoast-schema-graph\">{\"@context\":\"https:\/\/schema.org\",\"@graph\":[{\"@type\":\"WebPage\",\"@id\":\"https:\/\/www.appartamentitonale.it\/en\/privacy\/\",\"url\":\"https:\/\/www.appartamentitonale.it\/en\/privacy\/\",\"name\":\"Privacy - AppartamentiTonale.it\",\"isPartOf\":{\"@id\":\"https:\/\/www.appartamentitonale.it\/en\/#website\"},\"datePublished\":\"2015-11-02T11:28:08+00:00\",\"breadcrumb\":{\"@id\":\"https:\/\/www.appartamentitonale.it\/en\/privacy\/#breadcrumb\"},\"inLanguage\":\"en-US\",\"potentialAction\":[{\"@type\":\"ReadAction\",\"target\":[\"https:\/\/www.appartamentitonale.it\/en\/privacy\/\"]}]},{\"@type\":\"BreadcrumbList\",\"@id\":\"https:\/\/www.appartamentitonale.it\/en\/privacy\/#breadcrumb\",\"itemListElement\":[{\"@type\":\"ListItem\",\"position\":1,\"name\":\"Home\",\"item\":\"https:\/\/www.appartamentitonale.it\/en\/\"},{\"@type\":\"ListItem\",\"position\":2,\"name\":\"Privacy\"}]},{\"@type\":\"WebSite\",\"@id\":\"https:\/\/www.appartamentitonale.it\/en\/#website\",\"url\":\"https:\/\/www.appartamentitonale.it\/en\/\",\"name\":\"AppartamentiTonale.it\",\"description\":\"Ecco un altro sito AppartamentiTonale.it\",\"publisher\":{\"@id\":\"https:\/\/www.appartamentitonale.it\/en\/#organization\"},\"potentialAction\":[{\"@type\":\"SearchAction\",\"target\":{\"@type\":\"EntryPoint\",\"urlTemplate\":\"https:\/\/www.appartamentitonale.it\/en\/?s={search_term_string}\"},\"query-input\":{\"@type\":\"PropertyValueSpecification\",\"valueRequired\":true,\"valueName\":\"search_term_string\"}}],\"inLanguage\":\"en-US\"},{\"@type\":\"Organization\",\"@id\":\"https:\/\/www.appartamentitonale.it\/en\/#organization\",\"name\":\"AppartamentiTonale.it\",\"url\":\"https:\/\/www.appartamentitonale.it\/en\/\",\"logo\":{\"@type\":\"ImageObject\",\"inLanguage\":\"en-US\",\"@id\":\"https:\/\/www.appartamentitonale.it\/en\/#\/schema\/logo\/image\/\",\"url\":\"https:\/\/www.appartamentitonale.it\/en\/wp-content\/uploads\/sites\/3\/2024\/06\/Logo_Appartamenti_Tonale.png\",\"contentUrl\":\"https:\/\/www.appartamentitonale.it\/en\/wp-content\/uploads\/sites\/3\/2024\/06\/Logo_Appartamenti_Tonale.png\",\"width\":42,\"height\":65,\"caption\":\"AppartamentiTonale.it\"},\"image\":{\"@id\":\"https:\/\/www.appartamentitonale.it\/en\/#\/schema\/logo\/image\/\"},\"sameAs\":[\"https:\/\/www.facebook.com\/AppartamentoTonale\/\"]}]}<\/script>\n<!-- \/ Yoast SEO plugin. -->","yoast_head_json":{"title":"Privacy - AppartamentiTonale.it","robots":{"index":"noindex","follow":"nofollow"},"og_locale":"en_US","og_type":"article","og_title":"Privacy - AppartamentiTonale.it","og_description":"L\u2019accesso al sito \u00e8 completamente gratuito ma comporta l\u2019accettazione della seguente informativa. Siete pregati di leggerla attentamente poich\u00e9\u00a0il solo fatto di proseguire nell\u2019utilizzo o consultazione del sito costituisce completa accettazione dell\u2019informativa privacy\u00a0stessa da parte di ogni visitatore o utente. Informativa privacy In ottemperanza al D. Lgs 30 giugno 2003 n.\u2026 Continua","og_url":"https:\/\/www.appartamentitonale.it\/en\/privacy\/","og_site_name":"AppartamentiTonale.it","article_publisher":"https:\/\/www.facebook.com\/AppartamentoTonale\/","twitter_card":"summary_large_image","twitter_misc":{"Est. reading time":"6 minutes"},"schema":{"@context":"https:\/\/schema.org","@graph":[{"@type":"WebPage","@id":"https:\/\/www.appartamentitonale.it\/en\/privacy\/","url":"https:\/\/www.appartamentitonale.it\/en\/privacy\/","name":"Privacy - AppartamentiTonale.it","isPartOf":{"@id":"https:\/\/www.appartamentitonale.it\/en\/#website"},"datePublished":"2015-11-02T11:28:08+00:00","breadcrumb":{"@id":"https:\/\/www.appartamentitonale.it\/en\/privacy\/#breadcrumb"},"inLanguage":"en-US","potentialAction":[{"@type":"ReadAction","target":["https:\/\/www.appartamentitonale.it\/en\/privacy\/"]}]},{"@type":"BreadcrumbList","@id":"https:\/\/www.appartamentitonale.it\/en\/privacy\/#breadcrumb","itemListElement":[{"@type":"ListItem","position":1,"name":"Home","item":"https:\/\/www.appartamentitonale.it\/en\/"},{"@type":"ListItem","position":2,"name":"Privacy"}]},{"@type":"WebSite","@id":"https:\/\/www.appartamentitonale.it\/en\/#website","url":"https:\/\/www.appartamentitonale.it\/en\/","name":"AppartamentiTonale.it","description":"Ecco un altro sito AppartamentiTonale.it","publisher":{"@id":"https:\/\/www.appartamentitonale.it\/en\/#organization"},"potentialAction":[{"@type":"SearchAction","target":{"@type":"EntryPoint","urlTemplate":"https:\/\/www.appartamentitonale.it\/en\/?s={search_term_string}"},"query-input":{"@type":"PropertyValueSpecification","valueRequired":true,"valueName":"search_term_string"}}],"inLanguage":"en-US"},{"@type":"Organization","@id":"https:\/\/www.appartamentitonale.it\/en\/#organization","name":"AppartamentiTonale.it","url":"https:\/\/www.appartamentitonale.it\/en\/","logo":{"@type":"ImageObject","inLanguage":"en-US","@id":"https:\/\/www.appartamentitonale.it\/en\/#\/schema\/logo\/image\/","url":"https:\/\/www.appartamentitonale.it\/en\/wp-content\/uploads\/sites\/3\/2024\/06\/Logo_Appartamenti_Tonale.png","contentUrl":"https:\/\/www.appartamentitonale.it\/en\/wp-content\/uploads\/sites\/3\/2024\/06\/Logo_Appartamenti_Tonale.png","width":42,"height":65,"caption":"AppartamentiTonale.it"},"image":{"@id":"https:\/\/www.appartamentitonale.it\/en\/#\/schema\/logo\/image\/"},"sameAs":["https:\/\/www.facebook.com\/AppartamentoTonale\/"]}]}},"_links":{"self":[{"href":"https:\/\/www.appartamentitonale.it\/en\/wp-json\/wp\/v2\/pages\/6","targetHints":{"allow":["GET"]}}],"collection":[{"href":"https:\/\/www.appartamentitonale.it\/en\/wp-json\/wp\/v2\/pages"}],"about":[{"href":"https:\/\/www.appartamentitonale.it\/en\/wp-json\/wp\/v2\/types\/page"}],"author":[{"embeddable":true,"href":"https:\/\/www.appartamentitonale.it\/en\/wp-json\/wp\/v2\/users\/1"}],"replies":[{"embeddable":true,"href":"https:\/\/www.appartamentitonale.it\/en\/wp-json\/wp\/v2\/comments?post=6"}],"version-history":[{"count":1,"href":"https:\/\/www.appartamentitonale.it\/en\/wp-json\/wp\/v2\/pages\/6\/revisions"}],"predecessor-version":[{"id":7,"href":"https:\/\/www.appartamentitonale.it\/en\/wp-json\/wp\/v2\/pages\/6\/revisions\/7"}],"wp:attachment":[{"href":"https:\/\/www.appartamentitonale.it\/en\/wp-json\/wp\/v2\/media?parent=6"}],"curies":[{"name":"wp","href":"https:\/\/api.w.org\/{rel}","templated":true}]}}